{"id":5658027,"date":"2022-07-22T05:51:56","date_gmt":"2022-07-22T05:51:56","guid":{"rendered":"https:\/\/omshomesolutions.com\/?page_id=5658027"},"modified":"2022-07-27T10:08:08","modified_gmt":"2022-07-27T10:08:08","slug":"xem-huong-bat-trach","status":"publish","type":"page","link":"https:\/\/omshomesolutions.com\/index.php\/xem-huong-bat-trach\/","title":{"rendered":"Xem h\u01b0\u1edbng B\u00e1t Tr\u1ea1ch"},"content":{"rendered":"[vc_row][vc_column][vc_column_text]<style>#fbuilder label{text-align:left;}\n#fbuilder .fields{text-align:left;}\n#fbuilder .summary-field-value{font-size:16px;line-height:200%;font-weight: bold;}<\/style><form name=\"cp_calculatedfieldsf_pform_1\" id=\"cp_calculatedfieldsf_pform_1\" action=\"?\" method=\"post\" enctype=\"multipart\/form-data\" class=\"\">\r\n<input type=\"hidden\" name=\"cp_calculatedfieldsf_pform_psequence\" value=\"_1\" \/>\r\n<input type=\"hidden\" name=\"cp_calculatedfieldsf_id\" value=\"17\" \/><pre style=\"display:none !important;\"><!--noptimize--><script>form_structure_1=[[{\"form_identifier\":\"\",\"name\":\"fieldname12\",\"shortlabel\":\"\",\"index\":0,\"ftype\":\"ffieldset\",\"userhelp\":\"\",\"userhelpTooltip\":false,\"tooltipIcon\":false,\"csslayout\":\"\",\"fields\":[\"fieldname6\",\"fieldname3\",\"fieldname21\",\"fieldname25\",\"fieldname26\",\"fieldname27\",\"fieldname28\",\"fieldname29\"],\"columns\":\"3\",\"rearrange\":0,\"title\":\"\",\"collapsible\":false,\"defaultCollapsed\":true,\"collapsed\":false,\"fBuild\":{},\"parent\":\"\"},{\"form_identifier\":\"\",\"name\":\"fieldname16\",\"shortlabel\":\"\",\"index\":1,\"ftype\":\"fsummary\",\"userhelp\":\"\",\"userhelpTooltip\":false,\"tooltipIcon\":false,\"csslayout\":\"\",\"title\":\"\",\"exclude_empty\":false,\"fields\":\"\",\"titleClassname\":\"summary-field-title\",\"valueClassname\":\"summary-field-value\",\"fBuild\":{},\"parent\":\"\"},{\"form_identifier\":\"\",\"name\":\"fieldname30\",\"shortlabel\":\"\",\"index\":2,\"ftype\":\"ffieldset\",\"userhelp\":\"\",\"userhelpTooltip\":false,\"tooltipIcon\":false,\"csslayout\":\"\",\"fields\":[\"fieldname31\",\"fieldname23\",\"fieldname24\"],\"columns\":\"2\",\"rearrange\":true,\"title\":\"\",\"collapsible\":false,\"defaultCollapsed\":true,\"collapsed\":false,\"fBuild\":{},\"parent\":\"\"},{\"form_identifier\":\"\",\"name\":\"fieldname3\",\"shortlabel\":\"\",\"index\":3,\"ftype\":\"fdropdown\",\"userhelp\":\"\",\"userhelpTooltip\":false,\"tooltipIcon\":false,\"csslayout\":\"\",\"title\":\"Gi\\u1edbi t\\u00ednh:\",\"size\":\"large\",\"required\":false,\"exclude\":false,\"toSubmit\":\"text\",\"merge\":0,\"choiceSelected\":\"\",\"multiple\":false,\"vChoices\":1,\"showDep\":true,\"choices\":[\"Nam\",\"N\\u1eef\"],\"optgroup\":[false,false],\"choicesVal\":[\"\",\"\"],\"choicesDep\":[[\"fieldname21\",\"fieldname25\",\"fieldname26\"],[\"fieldname27\",\"fieldname28\",\"fieldname29\"]],\"fBuild\":{},\"parent\":\"fieldname12\"},{\"form_identifier\":\"\",\"name\":\"fieldname6\",\"shortlabel\":\"\",\"index\":4,\"ftype\":\"fnumber\",\"userhelp\":\"\",\"userhelpTooltip\":false,\"tooltipIcon\":false,\"csslayout\":\"\",\"title\":\"Nh\\u1eadp n\\u0103m sinh (\\u00c2m L\\u1ecbch):\",\"predefined\":\"\",\"predefinedClick\":false,\"required\":true,\"exclude\":false,\"readonly\":false,\"size\":\"large\",\"thousandSeparator\":\"\",\"decimalSymbol\":\".\",\"min\":\"1900\",\"max\":\"2100\",\"formatDynamically\":false,\"dformat\":\"digits\",\"formats\":[\"digits\",\"number\",\"percent\"],\"fBuild\":{},\"parent\":\"fieldname12\"},{\"dependencies\":[{\"rule\":\"value==8\",\"complex\":false,\"fields\":[\"fieldname23\"]},{\"rule\":\"value==7\",\"complex\":false,\"fields\":[\"fieldname23\"]},{\"rule\":\"value==6\",\"complex\":false,\"fields\":[\"fieldname24\"]},{\"rule\":\"value==5\",\"complex\":false,\"fields\":[\"fieldname24\"]}],\"form_identifier\":\"\",\"name\":\"fieldname21\",\"shortlabel\":\"\",\"index\":5,\"ftype\":\"fCalculated\",\"userhelp\":\"\",\"userhelpTooltip\":false,\"tooltipIcon\":false,\"csslayout\":\"\",\"title\":\"Cung theo Nam:\",\"predefined\":\"\",\"required\":false,\"exclude\":false,\"size\":\"large\",\"eq\":\"REMAINDER(fieldname6,9)\",\"suffix\":\"\",\"prefix\":\"\",\"decimalsymbol\":\".\",\"groupingsymbol\":\",\",\"readonly\":true,\"currency\":false,\"noEvalIfManual\":true,\"formatDynamically\":false,\"hidefield\":true,\"toolbar\":\"default|mathematical\",\"fBuild\":{},\"parent\":\"fieldname12\"},{\"dependencies\":[{\"rule\":\"value==4\",\"complex\":false,\"fields\":[\"fieldname24\"]},{\"rule\":\"value==3\",\"complex\":false,\"fields\":[\"fieldname24\"]},{\"rule\":\"value==2\",\"complex\":false,\"fields\":[\"fieldname23\"]},{\"rule\":\"value==1\",\"complex\":false,\"fields\":[\"fieldname23\"]}],\"form_identifier\":\"\",\"name\":\"fieldname25\",\"shortlabel\":\"\",\"index\":6,\"ftype\":\"fCalculated\",\"userhelp\":\"\",\"userhelpTooltip\":false,\"tooltipIcon\":false,\"csslayout\":\"\",\"title\":\"Cung theo Nam:\",\"predefined\":\"\",\"required\":false,\"exclude\":false,\"size\":\"large\",\"eq\":\"REMAINDER(fieldname6,9)\",\"suffix\":\"\",\"prefix\":\"\",\"decimalsymbol\":\".\",\"groupingsymbol\":\",\",\"readonly\":true,\"currency\":false,\"noEvalIfManual\":true,\"formatDynamically\":false,\"hidefield\":true,\"toolbar\":\"default|mathematical\",\"fBuild\":{},\"parent\":\"fieldname12\"},{\"dependencies\":[{\"rule\":\"value==0\",\"complex\":false,\"fields\":[\"fieldname24\"]}],\"form_identifier\":\"\",\"name\":\"fieldname26\",\"shortlabel\":\"\",\"index\":7,\"ftype\":\"fCalculated\",\"userhelp\":\"\",\"userhelpTooltip\":false,\"tooltipIcon\":false,\"csslayout\":\"\",\"title\":\"Cung theo Nam:\",\"predefined\":\"\",\"required\":false,\"exclude\":false,\"size\":\"large\",\"eq\":\"REMAINDER(fieldname6,9)\",\"suffix\":\"\",\"prefix\":\"\",\"decimalsymbol\":\".\",\"groupingsymbol\":\",\",\"readonly\":true,\"currency\":false,\"noEvalIfManual\":true,\"formatDynamically\":false,\"hidefield\":true,\"toolbar\":\"default|mathematical\",\"fBuild\":{},\"parent\":\"fieldname12\"},{\"dependencies\":[{\"rule\":\"value==8\",\"complex\":false,\"fields\":[\"fieldname23\"]},{\"rule\":\"value==7\",\"complex\":false,\"fields\":[\"fieldname24\"]},{\"rule\":\"value==6\",\"complex\":false,\"fields\":[\"fieldname23\"]}],\"form_identifier\":\"\",\"name\":\"fieldname27\",\"shortlabel\":\"\",\"index\":8,\"ftype\":\"fCalculated\",\"userhelp\":\"\",\"userhelpTooltip\":false,\"tooltipIcon\":false,\"csslayout\":\"\",\"title\":\"Cung theo N\\u1eef:\",\"predefined\":\"\",\"required\":false,\"exclude\":false,\"size\":\"large\",\"eq\":\"REMAINDER(fieldname6,9)\",\"suffix\":\"\",\"prefix\":\"\",\"decimalsymbol\":\".\",\"groupingsymbol\":\",\",\"readonly\":true,\"currency\":false,\"noEvalIfManual\":true,\"formatDynamically\":false,\"hidefield\":true,\"toolbar\":\"default|mathematical\",\"fBuild\":{},\"parent\":\"fieldname12\"},{\"dependencies\":[{\"rule\":\"value==5\",\"complex\":false,\"fields\":[\"fieldname23\"]},{\"rule\":\"value==4\",\"complex\":false,\"fields\":[\"fieldname24\"]},{\"rule\":\"value==3\",\"complex\":false,\"fields\":[\"fieldname24\"]}],\"form_identifier\":\"\",\"name\":\"fieldname28\",\"shortlabel\":\"\",\"index\":9,\"ftype\":\"fCalculated\",\"userhelp\":\"\",\"userhelpTooltip\":false,\"tooltipIcon\":false,\"csslayout\":\"\",\"title\":\"Cung theo N\\u1eef:\",\"predefined\":\"\",\"required\":false,\"exclude\":false,\"size\":\"large\",\"eq\":\"REMAINDER(fieldname6,9)\",\"suffix\":\"\",\"prefix\":\"\",\"decimalsymbol\":\".\",\"groupingsymbol\":\",\",\"readonly\":true,\"currency\":false,\"noEvalIfManual\":true,\"formatDynamically\":false,\"hidefield\":true,\"toolbar\":\"default|mathematical\",\"fBuild\":{},\"parent\":\"fieldname12\"},{\"dependencies\":[{\"rule\":\"value==2\",\"complex\":false,\"fields\":[\"fieldname24\"]},{\"rule\":\"value==1\",\"complex\":false,\"fields\":[\"fieldname24\"]},{\"rule\":\"value==0\",\"complex\":false,\"fields\":[\"fieldname23\"]}],\"form_identifier\":\"\",\"name\":\"fieldname29\",\"shortlabel\":\"\",\"index\":10,\"ftype\":\"fCalculated\",\"userhelp\":\"\",\"userhelpTooltip\":false,\"tooltipIcon\":false,\"csslayout\":\"\",\"title\":\"Cung theo N\\u1eef:\",\"predefined\":\"\",\"required\":false,\"exclude\":false,\"size\":\"large\",\"eq\":\"REMAINDER(fieldname6,9)\",\"suffix\":\"\",\"prefix\":\"\",\"decimalsymbol\":\".\",\"groupingsymbol\":\",\",\"readonly\":true,\"currency\":false,\"noEvalIfManual\":true,\"formatDynamically\":false,\"hidefield\":true,\"toolbar\":\"default|mathematical\",\"fBuild\":{},\"parent\":\"fieldname12\"},{\"form_identifier\":\"\",\"name\":\"fieldname23\",\"shortlabel\":\"\",\"index\":11,\"ftype\":\"fCommentArea\",\"userhelp\":\"\\u003Cfont size=\\u00223\\u0022\\u003E\\u003Cbr\\u003E\\u003Cfont color=\\\\\\u0022yellow\\\\\\u0022\\u003E \\nC\\u00f3 4 h\\u01b0\\u1edbng t\\u1ed1t:\\u003Cbr\\u003E\\n- B\\u1eafc\\u003Cbr\\u003E\\n- Nam\\u003Cbr\\u003E\\n- \\u0110\\u00f4ng\\u003Cbr\\u003E\\n- \\u0110\\u00f4ng Nam\\u003Cbr\\u003E\\nC\\u00f3 4 h\\u01b0\\u1edbng x\\u1ea5u:\\u003Cbr\\u003E\\n- T\\u00e2y\\u003Cbr\\u003E\\n- T\\u00e2y B\\u1eafc\\u003Cbr\\u003E\\n- T\\u00e2y Nam\\u003Cbr\\u003E\\n- \\u0110\\u00f4ng B\\u1eafc\\u003Cbr\\u003E\\n\\u003Cbr\\u003E\\n*H\\u01b0\\u1edbng Nh\\u00e0 (\\u0111\\u1ee9ng trong nh\\u00e0 nh\\u00ecn ra \\u0111\\u01b0\\u1eddng ch\\u00ednh) th\\u01b0\\u1eddng quay v\\u1ec1 h\\u01b0\\u1edbng t\\u1ed1t.\\u003Cbr\\u003E\\n*H\\u01b0\\u1edbng B\\u1ebfp (c\\u00f9ng h\\u01b0\\u1edbng v\\u1edbi l\\u01b0ng c\\u1ee7a ng\\u01b0\\u1eddi n\\u1ea5u, h\\u01b0\\u1edbng c\\u1ee7a \\u00f4ng T\\u00e1o) th\\u01b0\\u1eddng quay v\\u1ec1 h\\u01b0\\u1edbng t\\u1ed1t, v\\u1ecb tr\\u00ed th\\u01b0\\u1eddng \\u0111\\u1eb7t \\u1edf cung x\\u1ea5u.\",\"userhelpTooltip\":false,\"tooltipIcon\":false,\"csslayout\":\"\",\"title\":\"M\\u1ec6NH: \\u0110\\u00d4NG T\\u1ee8 TR\\u1ea0CH\",\"fBuild\":{},\"parent\":\"fieldname30\"},{\"form_identifier\":\"\",\"name\":\"fieldname24\",\"shortlabel\":\"\",\"index\":12,\"ftype\":\"fCommentArea\",\"userhelp\":\"\\u003Cfont size=\\u00223\\u0022\\u003E\\u003Cbr\\u003E\\u003Cfont color=\\\\\\u0022yellow\\\\\\u0022\\u003E \\nC\\u00f3 4 h\\u01b0\\u1edbng t\\u1ed1t:\\u003Cbr\\u003E\\n- T\\u00e2y\\u003Cbr\\u003E\\n- T\\u00e2y B\\u1eafc\\u003Cbr\\u003E\\n- T\\u00e2y Nam\\u003Cbr\\u003E\\n- \\u0110\\u00f4ng B\\u1eafc\\u003Cbr\\u003E\\nC\\u00f3 4 h\\u01b0\\u1edbng x\\u1ea5u:\\u003Cbr\\u003E\\n- B\\u1eafc\\u003Cbr\\u003E\\n- Nam\\u003Cbr\\u003E\\n- \\u0110\\u00f4ng\\u003Cbr\\u003E\\n- \\u0110\\u00f4ng Nam\\u003Cbr\\u003E\\n\\u003Cbr\\u003E\\n*H\\u01b0\\u1edbng Nh\\u00e0 (\\u0111\\u1ee9ng trong nh\\u00e0 nh\\u00ecn ra \\u0111\\u01b0\\u1eddng ch\\u00ednh) th\\u01b0\\u1eddng quay v\\u1ec1 h\\u01b0\\u1edbng t\\u1ed1t.\\u003Cbr\\u003E\\n*H\\u01b0\\u1edbng B\\u1ebfp (c\\u00f9ng h\\u01b0\\u1edbng v\\u1edbi l\\u01b0ng c\\u1ee7a ng\\u01b0\\u1eddi n\\u1ea5u, h\\u01b0\\u1edbng c\\u1ee7a \\u00f4ng T\\u00e1o) th\\u01b0\\u1eddng quay v\\u1ec1 h\\u01b0\\u1edbng t\\u1ed1t, v\\u1ecb tr\\u00ed th\\u01b0\\u1eddng \\u0111\\u1eb7t \\u1edf cung x\\u1ea5u.\",\"userhelpTooltip\":false,\"tooltipIcon\":false,\"csslayout\":\"\",\"title\":\"M\\u1ec6NH: T\\u00c2Y T\\u1ee8 TR\\u1ea0CH\",\"fBuild\":{},\"parent\":\"fieldname30\"},{\"form_identifier\":\"\",\"name\":\"fieldname31\",\"shortlabel\":\"\",\"index\":13,\"ftype\":\"fMedia\",\"userhelp\":\"\",\"userhelpTooltip\":false,\"tooltipIcon\":false,\"csslayout\":\"\",\"sMediaType\":\"image\",\"data\":{\"image\":{\"sWidth\":\"500\",\"sHeight\":\"500\",\"sSrc\":\"https:\\\/\\\/omshomesolutions.com\\\/wp-content\\\/uploads\\\/2025\\\/03\\\/battrach.jpg\",\"sAlt\":\"\",\"sLink\":\"\",\"sTarget\":\"\",\"sFigcaption\":\"\"},\"audio\":{\"sWidth\":\"\",\"sSrc\":\"\",\"sSrcAlt\":\"\",\"sControls\":1,\"sLoop\":0,\"sAutoplay\":0,\"sMuted\":0,\"sPreload\":\"auto\",\"sFallback\":\"\",\"sFigcaption\":\"\",\"sHideDownload\":0},\"video\":{\"sWidth\":\"\",\"sHeight\":\"\",\"sSrc\":\"\",\"sSrcAlt\":\"\",\"sPoster\":\"\",\"sControls\":1,\"sLoop\":0,\"sAutoplay\":0,\"sMuted\":0,\"sPreload\":\"auto\",\"sFallback\":\"\",\"sFigcaption\":\"\",\"sHideDownload\":0}},\"fBuild\":{},\"parent\":\"fieldname30\"}],{\"0\":{\"title\":\"Xem h\\u01b0\\u1edbng B\\u00e1t Tr\\u1ea1ch\",\"description\":\"\\u00c1p d\\u1ee5ng cho Nh\\u00e0 \\u1edf\",\"formlayout\":\"left_aligned\",\"formtemplate\":\"cp_cff_pastel\",\"evalequations\":1,\"evalequationsevent\":2,\"autocomplete\":1,\"persistence\":0,\"customstyles\":\"#fbuilder label{text-align:left;}\\n#fbuilder .fields{text-align:left;}\\n#fbuilder .summary-field-value{font-size:16px;line-height:200%;font-weight: bold;}\",\"loading_animation\":0},\"formid\":\"cp_calculatedfieldsf_pform_1\"}];<\/script><!--\/noptimize--><\/pre>\r\n<div id=\"fbuilder\">\r\n\t\t<div id=\"fbuilder_1\">\r\n\t\t<div id=\"formheader_1\"><\/div>\r\n\t\t<div id=\"fieldlist_1\"><\/div>\r\n\t<\/div>\r\n<\/div>\r\n<div class=\"clearer\"><\/div>\r\n<\/form>\r\n\n<p>L\u01b0u \u00fd: Xem phong th\u1ee7y B\u00e1t Tr\u1ea1ch v\u1edbi m\u1ee5c \u0111\u00edch ch\u00ednh l\u00e0 \u0111\u1ec3 t\u00ecm ra ph\u01b0\u01a1ng v\u1ecb t\u1ed1t x\u1ea5u trong nh\u00e0 d\u1ef1a tr\u00ean s\u1ef1 ph\u1ed1i h\u1ee3p m\u1ec7nh tu\u1ed5i c\u00f9ng c\u00e1c h\u01b0\u1edbng b\u00e1t tr\u1ea1ch. Th\u01b0\u1eddng \u00e1p d\u1ee5ng cho: h\u01b0\u1edbng nh\u00e0, h\u01b0\u1edbng c\u1eeda ch\u00ednh, h\u01b0\u1edbng b\u1ebfp, h\u01b0\u1edbng b\u00e0n th\u1edd. Vi\u1ec7c tra c\u1ee9u B\u00e1t Tr\u1ea1ch d\u1ef1a v\u00e0o ni\u1ec1m tin c\u1ee7a m\u1ed7i ng\u01b0\u1eddi, kh\u00f4ng thu\u1ed9c v\u1ec1 ti\u00eau chu\u1ea9n trong thi\u1ebft k\u1ebf n\u00ean s\u1eed d\u1ee5ng linh \u0111\u1ed9ng theo t\u1eebng c\u00f4ng tr\u00ecnh.[\/vc_column_text][vc_empty_space height=&#8221;100px&#8221;][\/vc_column][\/vc_row]\n","protected":false},"excerpt":{"rendered":"<p>[vc_row][vc_column][vc_column_text] L\u01b0u \u00fd: Xem phong th\u1ee7y B\u00e1t Tr\u1ea1ch v\u1edbi m\u1ee5c \u0111\u00edch ch\u00ednh l\u00e0 \u0111\u1ec3&#8230;<\/p>\n","protected":false},"author":1,"featured_media":5657061,"parent":0,"menu_order":3,"comment_status":"closed","ping_status":"closed","template":"","meta":[],"yoast_head":"<!-- This site is optimized with the Yoast SEO Premium plugin v15.0 - https:\/\/yoast.com\/wordpress\/plugins\/seo\/ -->\n<title>Xem h\u01b0\u1edbng B\u00e1t Tr\u1ea1ch - OMS home solutions<\/title>\n<meta name=\"robots\" content=\"index, follow, max-snippet:-1, max-image-preview:large, max-video-preview:-1\" \/>\n<link rel=\"canonical\" href=\"https:\/\/omshomesolutions.com\/index.php\/xem-huong-bat-trach\/\" \/>\n<meta property=\"og:locale\" content=\"vi_VN\" \/>\n<meta property=\"og:type\" content=\"article\" \/>\n<meta property=\"og:title\" content=\"Xem h\u01b0\u1edbng B\u00e1t Tr\u1ea1ch - OMS home solutions\" \/>\n<meta property=\"og:description\" content=\"[vc_row][vc_column][vc_column_text] L\u01b0u \u00fd: Xem phong th\u1ee7y B\u00e1t Tr\u1ea1ch v\u1edbi m\u1ee5c \u0111\u00edch ch\u00ednh l\u00e0 \u0111\u1ec3...\" \/>\n<meta property=\"og:url\" content=\"https:\/\/omshomesolutions.com\/index.php\/xem-huong-bat-trach\/\" \/>\n<meta property=\"og:site_name\" content=\"OMS home solutions\" \/>\n<meta property=\"article:modified_time\" content=\"2022-07-27T10:08:08+00:00\" \/>\n<meta property=\"og:image\" content=\"https:\/\/omshomesolutions.com\/wp-content\/uploads\/2021\/06\/View-1-2.jpg\" \/>\n\t<meta property=\"og:image:width\" content=\"1500\" \/>\n\t<meta property=\"og:image:height\" content=\"915\" \/>\n<meta name=\"twitter:card\" content=\"summary_large_image\" \/>\n<script type=\"application\/ld+json\" class=\"yoast-schema-graph\">{\"@context\":\"https:\/\/schema.org\",\"@graph\":[{\"@type\":\"WebSite\",\"@id\":\"https:\/\/omshomesolutions.com\/#website\",\"url\":\"https:\/\/omshomesolutions.com\/\",\"name\":\"OMS home solutions\",\"description\":\"Gi\\u1ea3i ph\\u00e1p to\\u00e0n di\\u1ec7n cho nh\\u00e0 \\u1edf\",\"potentialAction\":[{\"@type\":\"SearchAction\",\"target\":\"https:\/\/omshomesolutions.com\/?s={search_term_string}\",\"query-input\":\"required name=search_term_string\"}],\"inLanguage\":\"vi\"},{\"@type\":\"ImageObject\",\"@id\":\"https:\/\/omshomesolutions.com\/index.php\/xem-huong-bat-trach\/#primaryimage\",\"inLanguage\":\"vi\",\"url\":\"https:\/\/omshomesolutions.com\/wp-content\/uploads\/2021\/06\/View-1-2.jpg\",\"width\":1500,\"height\":915},{\"@type\":\"WebPage\",\"@id\":\"https:\/\/omshomesolutions.com\/index.php\/xem-huong-bat-trach\/#webpage\",\"url\":\"https:\/\/omshomesolutions.com\/index.php\/xem-huong-bat-trach\/\",\"name\":\"Xem h\\u01b0\\u1edbng B\\u00e1t Tr\\u1ea1ch - OMS home solutions\",\"isPartOf\":{\"@id\":\"https:\/\/omshomesolutions.com\/#website\"},\"primaryImageOfPage\":{\"@id\":\"https:\/\/omshomesolutions.com\/index.php\/xem-huong-bat-trach\/#primaryimage\"},\"datePublished\":\"2022-07-22T05:51:56+00:00\",\"dateModified\":\"2022-07-27T10:08:08+00:00\",\"breadcrumb\":{\"@id\":\"https:\/\/omshomesolutions.com\/index.php\/xem-huong-bat-trach\/#breadcrumb\"},\"inLanguage\":\"vi\",\"potentialAction\":[{\"@type\":\"ReadAction\",\"target\":[\"https:\/\/omshomesolutions.com\/index.php\/xem-huong-bat-trach\/\"]}]},{\"@type\":\"BreadcrumbList\",\"@id\":\"https:\/\/omshomesolutions.com\/index.php\/xem-huong-bat-trach\/#breadcrumb\",\"itemListElement\":[{\"@type\":\"ListItem\",\"position\":1,\"item\":{\"@type\":\"WebPage\",\"@id\":\"https:\/\/omshomesolutions.com\/\",\"url\":\"https:\/\/omshomesolutions.com\/\",\"name\":\"Trang ch\\u1ee7\"}},{\"@type\":\"ListItem\",\"position\":2,\"item\":{\"@type\":\"WebPage\",\"@id\":\"https:\/\/omshomesolutions.com\/index.php\/xem-huong-bat-trach\/\",\"url\":\"https:\/\/omshomesolutions.com\/index.php\/xem-huong-bat-trach\/\",\"name\":\"Xem h\\u01b0\\u1edbng B\\u00e1t Tr\\u1ea1ch\"}}]}]}<\/script>\n<!-- \/ Yoast SEO Premium plugin. -->","_links":{"self":[{"href":"https:\/\/omshomesolutions.com\/index.php\/wp-json\/wp\/v2\/pages\/5658027"}],"collection":[{"href":"https:\/\/omshomesolutions.com\/index.php\/wp-json\/wp\/v2\/pages"}],"about":[{"href":"https:\/\/omshomesolutions.com\/index.php\/wp-json\/wp\/v2\/types\/page"}],"author":[{"embeddable":true,"href":"https:\/\/omshomesolutions.com\/index.php\/wp-json\/wp\/v2\/users\/1"}],"replies":[{"embeddable":true,"href":"https:\/\/omshomesolutions.com\/index.php\/wp-json\/wp\/v2\/comments?post=5658027"}],"version-history":[{"count":0,"href":"https:\/\/omshomesolutions.com\/index.php\/wp-json\/wp\/v2\/pages\/5658027\/revisions"}],"wp:featuredmedia":[{"embeddable":true,"href":"https:\/\/omshomesolutions.com\/index.php\/wp-json\/wp\/v2\/media\/5657061"}],"wp:attachment":[{"href":"https:\/\/omshomesolutions.com\/index.php\/wp-json\/wp\/v2\/media?parent=5658027"}],"curies":[{"name":"wp","href":"https:\/\/api.w.org\/{rel}","templated":true}]}}