{"id":5658021,"date":"2022-07-21T02:55:06","date_gmt":"2022-07-21T02:55:06","guid":{"rendered":"https:\/\/omshomesolutions.com\/?page_id=5658021"},"modified":"2022-07-21T02:55:06","modified_gmt":"2022-07-21T02:55:06","slug":"tinh-so-bong-den","status":"publish","type":"page","link":"https:\/\/omshomesolutions.com\/index.php\/tinh-so-bong-den\/","title":{"rendered":"T\u00ednh s\u1ed1 b\u00f3ng \u0111\u00e8n"},"content":{"rendered":"[vc_row][vc_column][vc_column_text]<style>#fbuilder label{text-align:right;}\n#fbuilder .fields{text-align:right;}\n#fbuilder .summary-field-value{font-size:16px;line-height:200%;font-weight: bold;}<\/style><form name=\"cp_calculatedfieldsf_pform_1\" id=\"cp_calculatedfieldsf_pform_1\" action=\"?\" method=\"post\" enctype=\"multipart\/form-data\" class=\"\">\r\n<input type=\"hidden\" name=\"cp_calculatedfieldsf_pform_psequence\" value=\"_1\" \/>\r\n<input type=\"hidden\" name=\"cp_calculatedfieldsf_id\" value=\"16\" \/><pre style=\"display:none !important;\"><!--noptimize--><script>form_structure_1=[[{\"form_identifier\":\"\",\"name\":\"fieldname12\",\"shortlabel\":\"\",\"index\":0,\"ftype\":\"ffieldset\",\"userhelp\":\"\",\"userhelpTooltip\":false,\"tooltipIcon\":false,\"csslayout\":\"\",\"fields\":[\"fieldname6\",\"fieldname20\",\"fieldname21\",\"fieldname3\",\"fieldname22\",\"fieldname10\",\"fieldname8\"],\"columns\":\"3\",\"rearrange\":0,\"title\":\"\",\"collapsible\":false,\"defaultCollapsed\":true,\"collapsed\":false,\"fBuild\":{},\"parent\":\"\"},{\"form_identifier\":\"\",\"name\":\"fieldname16\",\"shortlabel\":\"\",\"index\":1,\"ftype\":\"fsummary\",\"userhelp\":\"\",\"userhelpTooltip\":false,\"tooltipIcon\":false,\"csslayout\":\"\",\"title\":\"\",\"exclude_empty\":false,\"fields\":\"fieldname8\",\"titleClassname\":\"summary-field-title\",\"valueClassname\":\"summary-field-value\",\"fBuild\":{},\"parent\":\"\"},{\"form_identifier\":\"\",\"name\":\"fieldname10\",\"shortlabel\":\"\",\"index\":2,\"ftype\":\"fdropdown\",\"userhelp\":\"\",\"userhelpTooltip\":false,\"tooltipIcon\":false,\"csslayout\":\"\",\"title\":\"Ch\\u1ecdn lo\\u1ea1i b\\u00f3ng \\u0111\\u00e8n:\",\"size\":\"large\",\"required\":false,\"exclude\":false,\"toSubmit\":\"text\",\"merge\":0,\"choiceSelected\":\"\",\"multiple\":false,\"vChoices\":1,\"showDep\":true,\"choices\":[\"Led downlight 7W 700lm\",\"Led downlight 9W 800lm\",\"Led downlight 12W 900lm\",\"Led panel 36W 4000lm\"],\"optgroup\":[false,false,false,false],\"choicesVal\":[\"700\",\"800\",\"900\",\"4000\"],\"choicesDep\":[[\"\"],[\"\"],[\"\"],[]],\"fBuild\":{},\"parent\":\"fieldname12\"},{\"form_identifier\":\"\",\"name\":\"fieldname3\",\"shortlabel\":\"\",\"index\":3,\"ftype\":\"fdropdown\",\"userhelp\":\"\",\"userhelpTooltip\":false,\"tooltipIcon\":false,\"csslayout\":\"\",\"title\":\"Ch\\u1ecdn lo\\u1ea1i ph\\u00f2ng:\",\"size\":\"large\",\"required\":false,\"exclude\":false,\"toSubmit\":\"text\",\"merge\":0,\"choiceSelected\":\"\",\"multiple\":false,\"vChoices\":1,\"showDep\":true,\"choices\":[\"Ph\\u00f2ng Kh\\u00e1ch\\\/B\\u1ebfp (300lux)\",\"Ph\\u00f2ng ng\\u1ee7 (200lux)\",\"Ph\\u00f2ng h\\u1ecdc (400lux)\",\"H\\u00e0nh lang\\\/Ban c\\u00f4ng (150lux)\",\"Ph\\u00f2ng kho\\\/h\\u1ea7m (150lux)\",\"T\\u00f9y ch\\u1ecdn \\u0111\\u1ed9 r\\u1ecdi\"],\"optgroup\":[false,false,false,false,false,false],\"choicesVal\":[\"300\",\"200\",\"400\",\"150\",\"150\",\"0\"],\"choicesDep\":[[],[],[],[],[\"\"],[\"fieldname22\"]],\"fBuild\":{},\"parent\":\"fieldname12\"},{\"form_identifier\":\"\",\"name\":\"fieldname6\",\"shortlabel\":\"\",\"index\":4,\"ftype\":\"fnumber\",\"userhelp\":\"\",\"userhelpTooltip\":false,\"tooltipIcon\":false,\"csslayout\":\"\",\"title\":\"Nh\\u1eadp chi\\u1ec1u d\\u00e0i ph\\u00f2ng (m):\",\"predefined\":\"\",\"predefinedClick\":false,\"required\":true,\"exclude\":false,\"readonly\":false,\"size\":\"large\",\"thousandSeparator\":\"\",\"decimalSymbol\":\".\",\"min\":\"1\",\"max\":\"10\",\"formatDynamically\":false,\"dformat\":\"number\",\"formats\":[\"digits\",\"number\",\"percent\"],\"fBuild\":{},\"parent\":\"fieldname12\"},{\"form_identifier\":\"\",\"name\":\"fieldname21\",\"shortlabel\":\"\",\"index\":5,\"ftype\":\"fnumber\",\"userhelp\":\"\",\"userhelpTooltip\":false,\"tooltipIcon\":false,\"csslayout\":\"\",\"title\":\"Nh\\u1eadp chi\\u1ec1u cao ph\\u00f2ng (m):\",\"predefined\":\"\",\"predefinedClick\":false,\"required\":true,\"exclude\":false,\"readonly\":false,\"size\":\"large\",\"thousandSeparator\":\"\",\"decimalSymbol\":\".\",\"min\":\"1\",\"max\":\"10\",\"formatDynamically\":false,\"dformat\":\"number\",\"formats\":[\"digits\",\"number\",\"percent\"],\"fBuild\":{},\"parent\":\"fieldname12\"},{\"form_identifier\":\"\",\"name\":\"fieldname22\",\"shortlabel\":\"\",\"index\":6,\"ftype\":\"fnumber\",\"userhelp\":\"\",\"userhelpTooltip\":false,\"tooltipIcon\":false,\"csslayout\":\"\",\"title\":\"Nh\\u1eadp \\u0111\\u1ed9 r\\u1ecdi ph\\u00f2ng:\",\"predefined\":\"\",\"predefinedClick\":false,\"required\":true,\"exclude\":false,\"readonly\":false,\"size\":\"large\",\"thousandSeparator\":\"\",\"decimalSymbol\":\".\",\"min\":\"50\",\"max\":\"1000\",\"formatDynamically\":false,\"dformat\":\"digits\",\"formats\":[\"digits\",\"number\",\"percent\"],\"fBuild\":{},\"parent\":\"fieldname12\"},{\"form_identifier\":\"\",\"name\":\"fieldname20\",\"shortlabel\":\"\",\"index\":7,\"ftype\":\"fnumber\",\"userhelp\":\"\",\"userhelpTooltip\":false,\"tooltipIcon\":false,\"csslayout\":\"\",\"title\":\"Nh\\u1eadp chi\\u1ec1u r\\u1ed9ng ph\\u00f2ng (m):\",\"predefined\":\"\",\"predefinedClick\":false,\"required\":true,\"exclude\":false,\"readonly\":false,\"size\":\"large\",\"thousandSeparator\":\"\",\"decimalSymbol\":\".\",\"min\":\"1\",\"max\":\"10\",\"formatDynamically\":false,\"dformat\":\"number\",\"formats\":[\"digits\",\"number\",\"percent\"],\"fBuild\":{},\"parent\":\"fieldname12\"},{\"dependencies\":[{\"rule\":\"\",\"complex\":false,\"fields\":[\"\"]}],\"form_identifier\":\"\",\"name\":\"fieldname8\",\"shortlabel\":\"\",\"index\":8,\"ftype\":\"fCalculated\",\"userhelp\":\"\",\"userhelpTooltip\":false,\"tooltipIcon\":false,\"csslayout\":\"\",\"title\":\"S\\u1ed0 B\\u00d3NG \\u0110\\u00c8N C\\u1ea6N D\\u00d9NG:\",\"predefined\":\"\",\"required\":false,\"exclude\":false,\"size\":\"large\",\"eq\":\"CEIL(\\n(fieldname6*fieldname20*fieldname3\\n*((fieldname21+3)\\\/6)\\n\\\/fieldname10)\\n+\\n(fieldname6*fieldname20*fieldname22\\n*((fieldname21+3)\\\/6)\\n\\\/fieldname10)\\n)\",\"suffix\":\"\",\"prefix\":\"\",\"decimalsymbol\":\".\",\"groupingsymbol\":\",\",\"readonly\":true,\"currency\":false,\"noEvalIfManual\":true,\"formatDynamically\":false,\"hidefield\":true,\"toolbar\":\"default|mathematical\",\"fBuild\":{},\"parent\":\"fieldname12\"}],{\"0\":{\"title\":\"T\\u00ednh s\\u1ed1 b\\u00f3ng \\u0111\\u00e8n\",\"description\":\"\\u00c1p d\\u1ee5ng cho Nh\\u00e0 \\u1edf\",\"formlayout\":\"left_aligned\",\"formtemplate\":\"cp_cff_pastel\",\"evalequations\":1,\"evalequationsevent\":2,\"autocomplete\":1,\"persistence\":0,\"customstyles\":\"#fbuilder label{text-align:right;}\\n#fbuilder .fields{text-align:right;}\\n#fbuilder .summary-field-value{font-size:16px;line-height:200%;font-weight: bold;}\",\"loading_animation\":0},\"formid\":\"cp_calculatedfieldsf_pform_1\"}];<\/script><!--\/noptimize--><\/pre>\r\n<div id=\"fbuilder\">\r\n\t\t<div id=\"fbuilder_1\">\r\n\t\t<div id=\"formheader_1\"><\/div>\r\n\t\t<div id=\"fieldlist_1\"><\/div>\r\n\t<\/div>\r\n<\/div>\r\n<div class=\"clearer\"><\/div>\r\n<\/form>\r\n\n<p>L\u01b0u \u00fd: C\u00f4ng c\u1ee5 t\u00ednh to\u00e1n t\u01b0\u01a1ng \u0111\u1ed1i ch\u01b0a bao g\u1ed3m c\u00e1c bi\u1ebfn s\u1ed1 nh\u01b0 b\u1ec1 m\u1eb7t ho\u00e0n thi\u1ec7n ph\u00f2ng, \u0111\u1ed3 d\u00f9ng trong ph\u00f2ng.[\/vc_column_text][vc_empty_space height=&#8221;100px&#8221;][\/vc_column][\/vc_row]\n","protected":false},"excerpt":{"rendered":"<p>[vc_row][vc_column][vc_column_text] L\u01b0u \u00fd: C\u00f4ng c\u1ee5 t\u00ednh to\u00e1n t\u01b0\u01a1ng \u0111\u1ed1i ch\u01b0a bao g\u1ed3m c\u00e1c bi\u1ebfn&#8230;<\/p>\n","protected":false},"author":1,"featured_media":5657061,"parent":0,"menu_order":2,"comment_status":"closed","ping_status":"closed","template":"","meta":[],"yoast_head":"<!-- This site is optimized with the Yoast SEO Premium plugin v15.0 - https:\/\/yoast.com\/wordpress\/plugins\/seo\/ -->\n<title>T\u00ednh s\u1ed1 b\u00f3ng \u0111\u00e8n - OMS home solutions<\/title>\n<meta name=\"robots\" content=\"index, follow, max-snippet:-1, max-image-preview:large, max-video-preview:-1\" \/>\n<link rel=\"canonical\" href=\"https:\/\/omshomesolutions.com\/index.php\/tinh-so-bong-den\/\" \/>\n<meta property=\"og:locale\" content=\"vi_VN\" \/>\n<meta property=\"og:type\" content=\"article\" \/>\n<meta property=\"og:title\" content=\"T\u00ednh s\u1ed1 b\u00f3ng \u0111\u00e8n - OMS home solutions\" \/>\n<meta property=\"og:description\" content=\"[vc_row][vc_column][vc_column_text] L\u01b0u \u00fd: C\u00f4ng c\u1ee5 t\u00ednh to\u00e1n t\u01b0\u01a1ng \u0111\u1ed1i ch\u01b0a bao g\u1ed3m c\u00e1c bi\u1ebfn...\" \/>\n<meta property=\"og:url\" content=\"https:\/\/omshomesolutions.com\/index.php\/tinh-so-bong-den\/\" \/>\n<meta property=\"og:site_name\" content=\"OMS home solutions\" \/>\n<meta property=\"og:image\" content=\"https:\/\/omshomesolutions.com\/wp-content\/uploads\/2021\/06\/View-1-2.jpg\" \/>\n\t<meta property=\"og:image:width\" content=\"1500\" \/>\n\t<meta property=\"og:image:height\" content=\"915\" \/>\n<meta name=\"twitter:card\" content=\"summary_large_image\" \/>\n<script type=\"application\/ld+json\" class=\"yoast-schema-graph\">{\"@context\":\"https:\/\/schema.org\",\"@graph\":[{\"@type\":\"WebSite\",\"@id\":\"https:\/\/omshomesolutions.com\/#website\",\"url\":\"https:\/\/omshomesolutions.com\/\",\"name\":\"OMS home solutions\",\"description\":\"Gi\\u1ea3i ph\\u00e1p to\\u00e0n di\\u1ec7n cho nh\\u00e0 \\u1edf\",\"potentialAction\":[{\"@type\":\"SearchAction\",\"target\":\"https:\/\/omshomesolutions.com\/?s={search_term_string}\",\"query-input\":\"required name=search_term_string\"}],\"inLanguage\":\"vi\"},{\"@type\":\"ImageObject\",\"@id\":\"https:\/\/omshomesolutions.com\/index.php\/tinh-so-bong-den\/#primaryimage\",\"inLanguage\":\"vi\",\"url\":\"https:\/\/omshomesolutions.com\/wp-content\/uploads\/2021\/06\/View-1-2.jpg\",\"width\":1500,\"height\":915},{\"@type\":\"WebPage\",\"@id\":\"https:\/\/omshomesolutions.com\/index.php\/tinh-so-bong-den\/#webpage\",\"url\":\"https:\/\/omshomesolutions.com\/index.php\/tinh-so-bong-den\/\",\"name\":\"T\\u00ednh s\\u1ed1 b\\u00f3ng \\u0111\\u00e8n - OMS home solutions\",\"isPartOf\":{\"@id\":\"https:\/\/omshomesolutions.com\/#website\"},\"primaryImageOfPage\":{\"@id\":\"https:\/\/omshomesolutions.com\/index.php\/tinh-so-bong-den\/#primaryimage\"},\"datePublished\":\"2022-07-21T02:55:06+00:00\",\"dateModified\":\"2022-07-21T02:55:06+00:00\",\"breadcrumb\":{\"@id\":\"https:\/\/omshomesolutions.com\/index.php\/tinh-so-bong-den\/#breadcrumb\"},\"inLanguage\":\"vi\",\"potentialAction\":[{\"@type\":\"ReadAction\",\"target\":[\"https:\/\/omshomesolutions.com\/index.php\/tinh-so-bong-den\/\"]}]},{\"@type\":\"BreadcrumbList\",\"@id\":\"https:\/\/omshomesolutions.com\/index.php\/tinh-so-bong-den\/#breadcrumb\",\"itemListElement\":[{\"@type\":\"ListItem\",\"position\":1,\"item\":{\"@type\":\"WebPage\",\"@id\":\"https:\/\/omshomesolutions.com\/\",\"url\":\"https:\/\/omshomesolutions.com\/\",\"name\":\"Trang ch\\u1ee7\"}},{\"@type\":\"ListItem\",\"position\":2,\"item\":{\"@type\":\"WebPage\",\"@id\":\"https:\/\/omshomesolutions.com\/index.php\/tinh-so-bong-den\/\",\"url\":\"https:\/\/omshomesolutions.com\/index.php\/tinh-so-bong-den\/\",\"name\":\"T\\u00ednh s\\u1ed1 b\\u00f3ng \\u0111\\u00e8n\"}}]}]}<\/script>\n<!-- \/ Yoast SEO Premium plugin. -->","_links":{"self":[{"href":"https:\/\/omshomesolutions.com\/index.php\/wp-json\/wp\/v2\/pages\/5658021"}],"collection":[{"href":"https:\/\/omshomesolutions.com\/index.php\/wp-json\/wp\/v2\/pages"}],"about":[{"href":"https:\/\/omshomesolutions.com\/index.php\/wp-json\/wp\/v2\/types\/page"}],"author":[{"embeddable":true,"href":"https:\/\/omshomesolutions.com\/index.php\/wp-json\/wp\/v2\/users\/1"}],"replies":[{"embeddable":true,"href":"https:\/\/omshomesolutions.com\/index.php\/wp-json\/wp\/v2\/comments?post=5658021"}],"version-history":[{"count":0,"href":"https:\/\/omshomesolutions.com\/index.php\/wp-json\/wp\/v2\/pages\/5658021\/revisions"}],"wp:featuredmedia":[{"embeddable":true,"href":"https:\/\/omshomesolutions.com\/index.php\/wp-json\/wp\/v2\/media\/5657061"}],"wp:attachment":[{"href":"https:\/\/omshomesolutions.com\/index.php\/wp-json\/wp\/v2\/media?parent=5658021"}],"curies":[{"name":"wp","href":"https:\/\/api.w.org\/{rel}","templated":true}]}}