{"id":24,"date":"2019-09-06T16:46:49","date_gmt":"2019-09-06T16:46:49","guid":{"rendered":"http:\/\/omshomesolutions.com\/?page_id=24"},"modified":"2022-11-10T17:10:37","modified_gmt":"2022-11-10T17:10:37","slug":"lien-he","status":"publish","type":"page","link":"https:\/\/omshomesolutions.com\/index.php\/lien-he\/","title":{"rendered":"Li\u00ean h\u1ec7"},"content":{"rendered":"[vc_row][vc_column][vc_column_text]\n<h4 style=\"text-align: center;\">KH\u00c1CH H\u00c0NG C\u1ea6N T\u01af V\u1ea4N C\u00d3 TH\u1ec2 \u0110\u1ec2 L\u1ea0I TH\u00d4NG TIN QUA FORM SAU:<\/h4>\n[\/vc_column_text][vc_empty_space height=&#8221;50px&#8221;][vc_raw_html]JTNDaWZyYW1lJTIwc3JjJTNEJTIyaHR0cHMlM0ElMkYlMkZkb2NzLmdvb2dsZS5jb20lMkZmb3JtcyUyRmQlMkZlJTJGMUZBSXBRTFNkdXNyd3FzazZxSmFrTjhXSEs2RUdWUEhpVENqMFZmZzJyaWdXWHJjczI3WEs3bXclMkZ2aWV3Zm9ybSUzRmVtYmVkZGVkJTNEdHJ1ZSUyMiUyMHdpZHRoJTNEJTIyMTIwMCUyMiUyMGhlaWdodCUzRCUyMjYwMCUyMiUyMGZyYW1lYm9yZGVyJTNEJTIyMCUyMiUyMG1hcmdpbmhlaWdodCUzRCUyMjAlMjIlMjBtYXJnaW53aWR0aCUzRCUyMjAlMjIlM0UlQzQlOTBhbmclMjB0JUUxJUJBJUEzaSVFMiU4MCVBNiUzQyUyRmlmcmFtZSUzRQ==[\/vc_raw_html][vc_empty_space height=&#8221;50px&#8221;][vc_column_text]\n<h3 style=\"text-align: center;\">HO\u1eb6C LI\u00caN H\u1ec6 QUA C\u00c1C \u0110\u1ecaA CH\u1ec8 V\u0102N PH\u00d2NG CHI NH\u00c1NH<strong><br \/>\n<\/strong><\/h3>\n[\/vc_column_text][\/vc_column][\/vc_row]\n","protected":false},"excerpt":{"rendered":"<p>[vc_row][vc_column][vc_column_text] KH\u00c1CH H\u00c0NG C\u1ea6N T\u01af V\u1ea4N C\u00d3 TH\u1ec2 \u0110\u1ec2 L\u1ea0I TH\u00d4NG TIN QUA FORM&#8230;<\/p>\n","protected":false},"author":1,"featured_media":5657061,"parent":0,"menu_order":0,"comment_status":"closed","ping_status":"closed","template":"","meta":[],"yoast_head":"<!-- This site is optimized with the Yoast SEO Premium plugin v15.0 - https:\/\/yoast.com\/wordpress\/plugins\/seo\/ -->\n<title>Li\u00ean h\u1ec7 - OMS home solutions<\/title>\n<meta name=\"robots\" content=\"index, follow, max-snippet:-1, max-image-preview:large, max-video-preview:-1\" \/>\n<link rel=\"canonical\" href=\"https:\/\/omshomesolutions.com\/index.php\/lien-he\/\" \/>\n<meta property=\"og:locale\" content=\"vi_VN\" \/>\n<meta property=\"og:type\" content=\"article\" \/>\n<meta property=\"og:title\" content=\"Li\u00ean h\u1ec7 - OMS home solutions\" \/>\n<meta property=\"og:description\" content=\"[vc_row][vc_column][vc_column_text] KH\u00c1CH H\u00c0NG C\u1ea6N T\u01af V\u1ea4N C\u00d3 TH\u1ec2 \u0110\u1ec2 L\u1ea0I TH\u00d4NG TIN QUA FORM...\" \/>\n<meta property=\"og:url\" content=\"https:\/\/omshomesolutions.com\/index.php\/lien-he\/\" \/>\n<meta property=\"og:site_name\" content=\"OMS home solutions\" \/>\n<meta property=\"article:modified_time\" content=\"2022-11-10T17:10:37+00:00\" \/>\n<meta property=\"og:image\" content=\"https:\/\/omshomesolutions.com\/wp-content\/uploads\/2021\/06\/View-1-2.jpg\" \/>\n\t<meta property=\"og:image:width\" content=\"1500\" \/>\n\t<meta property=\"og:image:height\" content=\"915\" \/>\n<meta name=\"twitter:card\" content=\"summary_large_image\" \/>\n<script type=\"application\/ld+json\" class=\"yoast-schema-graph\">{\"@context\":\"https:\/\/schema.org\",\"@graph\":[{\"@type\":\"WebSite\",\"@id\":\"https:\/\/omshomesolutions.com\/#website\",\"url\":\"https:\/\/omshomesolutions.com\/\",\"name\":\"OMS home solutions\",\"description\":\"Gi\\u1ea3i ph\\u00e1p to\\u00e0n di\\u1ec7n cho nh\\u00e0 \\u1edf\",\"potentialAction\":[{\"@type\":\"SearchAction\",\"target\":\"https:\/\/omshomesolutions.com\/?s={search_term_string}\",\"query-input\":\"required name=search_term_string\"}],\"inLanguage\":\"vi\"},{\"@type\":\"ImageObject\",\"@id\":\"https:\/\/omshomesolutions.com\/index.php\/lien-he\/#primaryimage\",\"inLanguage\":\"vi\",\"url\":\"https:\/\/omshomesolutions.com\/wp-content\/uploads\/2021\/06\/View-1-2.jpg\",\"width\":1500,\"height\":915},{\"@type\":\"WebPage\",\"@id\":\"https:\/\/omshomesolutions.com\/index.php\/lien-he\/#webpage\",\"url\":\"https:\/\/omshomesolutions.com\/index.php\/lien-he\/\",\"name\":\"Li\\u00ean h\\u1ec7 - OMS home solutions\",\"isPartOf\":{\"@id\":\"https:\/\/omshomesolutions.com\/#website\"},\"primaryImageOfPage\":{\"@id\":\"https:\/\/omshomesolutions.com\/index.php\/lien-he\/#primaryimage\"},\"datePublished\":\"2019-09-06T16:46:49+00:00\",\"dateModified\":\"2022-11-10T17:10:37+00:00\",\"breadcrumb\":{\"@id\":\"https:\/\/omshomesolutions.com\/index.php\/lien-he\/#breadcrumb\"},\"inLanguage\":\"vi\",\"potentialAction\":[{\"@type\":\"ReadAction\",\"target\":[\"https:\/\/omshomesolutions.com\/index.php\/lien-he\/\"]}]},{\"@type\":\"BreadcrumbList\",\"@id\":\"https:\/\/omshomesolutions.com\/index.php\/lien-he\/#breadcrumb\",\"itemListElement\":[{\"@type\":\"ListItem\",\"position\":1,\"item\":{\"@type\":\"WebPage\",\"@id\":\"https:\/\/omshomesolutions.com\/\",\"url\":\"https:\/\/omshomesolutions.com\/\",\"name\":\"Trang ch\\u1ee7\"}},{\"@type\":\"ListItem\",\"position\":2,\"item\":{\"@type\":\"WebPage\",\"@id\":\"https:\/\/omshomesolutions.com\/index.php\/lien-he\/\",\"url\":\"https:\/\/omshomesolutions.com\/index.php\/lien-he\/\",\"name\":\"Li\\u00ean h\\u1ec7\"}}]}]}<\/script>\n<!-- \/ Yoast SEO Premium plugin. -->","_links":{"self":[{"href":"https:\/\/omshomesolutions.com\/index.php\/wp-json\/wp\/v2\/pages\/24"}],"collection":[{"href":"https:\/\/omshomesolutions.com\/index.php\/wp-json\/wp\/v2\/pages"}],"about":[{"href":"https:\/\/omshomesolutions.com\/index.php\/wp-json\/wp\/v2\/types\/page"}],"author":[{"embeddable":true,"href":"https:\/\/omshomesolutions.com\/index.php\/wp-json\/wp\/v2\/users\/1"}],"replies":[{"embeddable":true,"href":"https:\/\/omshomesolutions.com\/index.php\/wp-json\/wp\/v2\/comments?post=24"}],"version-history":[{"count":0,"href":"https:\/\/omshomesolutions.com\/index.php\/wp-json\/wp\/v2\/pages\/24\/revisions"}],"wp:featuredmedia":[{"embeddable":true,"href":"https:\/\/omshomesolutions.com\/index.php\/wp-json\/wp\/v2\/media\/5657061"}],"wp:attachment":[{"href":"https:\/\/omshomesolutions.com\/index.php\/wp-json\/wp\/v2\/media?parent=24"}],"curies":[{"name":"wp","href":"https:\/\/api.w.org\/{rel}","templated":true}]}}