{"id":136,"date":"2019-09-27T14:42:43","date_gmt":"2019-09-27T14:42:43","guid":{"rendered":"http:\/\/omshomesolutions.com\/?page_id=136"},"modified":"2024-01-03T16:01:30","modified_gmt":"2024-01-03T16:01:30","slug":"noi-dung-cong-viec","status":"publish","type":"page","link":"https:\/\/omshomesolutions.com\/index.php\/noi-dung-cong-viec\/","title":{"rendered":"N\u1ed9i dung c\u00f4ng vi\u1ec7c"},"content":{"rendered":"[vc_row full_width=&#8221;stretch_row&#8221;][vc_column]<div class=\"norebro-heading-sc heading text-left\"\n\tid=\"norebro-custom-6a058ad05b17b\" \n\t \n\t>\n\t\n\t\t\t<p class=\"subtitle\">\n\t\t\t\t\t<\/p>\n\t\n\t\n\t<h3 class=\"title subtitle-top\">\n\t\t<b>01.<\/b> Quy tr\u00ecnh thi\u1ebft k\u1ebf\t<\/h3>\n\n\t\n\t\t\n<\/div>[vc_column_text]\n<h4><strong>B\u01b0\u1edbc 1: Nh\u1eadn th\u00f4ng tin kh\u00e1ch h\u00e0ng (1 ng\u00e0y)<\/strong><\/h4>\n<ul>\n<li>N\u1eafm nhu c\u1ea7u kh\u00e1ch h\u00e0ng, y\u00eau c\u1ea7u thi\u1ebft k\u1ebf, b\u1ea3n v\u1ebd hi\u1ec7n tr\u1ea1ng<\/li>\n<li>Kh\u1ea3o s\u00e1t v\u00e0 ki\u1ec3m tra hi\u1ec7n tr\u1ea1ng<\/li>\n<\/ul>\n<h4><strong>B\u01b0\u1edbc 2: Thi\u1ebft k\u1ebf \u00fd t\u01b0\u1edfng (1-3 ng\u00e0y)<\/strong><\/h4>\n<ul>\n<li>Thi\u1ebft k\u1ebf b\u1ea3n v\u1ebd b\u1ed1 tr\u00ed m\u1eb7t b\u1eb1ng<\/li>\n<li>Thi\u1ebft k\u1ebf concept &amp; tham kh\u1ea3o (t\u00f9y theo d\u1ef1 \u00e1n)<\/li>\n<li>K\u00ed h\u1ee3p \u0111\u1ed3ng thi\u1ebft k\u1ebf<\/li>\n<li>Kh\u00e1ch h\u00e0ng t\u1ea1m \u1ee9ng \u0111\u1ee3t 1 ph\u00ed thi\u1ebft k\u1ebf<\/li>\n<\/ul>\n<h4><strong>B\u01b0\u1edbc 3: Ph\u01b0\u01a1ng \u00e1n thi\u1ebft k\u1ebf (4-8 ng\u00e0y)<\/strong><\/h4>\n<ul>\n<li>Ph\u01b0\u01a1ng \u00e1n thi\u1ebft k\u1ebf s\u1ebd g\u1eedi cho kh\u00e1ch h\u00e0ng sau 4-5 ng\u00e0y l\u00e0m vi\u1ec7c tr\u00ean m\u1ed7i ph\u1ea7n thi\u1ebft k\u1ebf cho \u0111\u1ebfn khi k\u1ebft th\u00fac<\/li>\n<li>T\u00f9y theo quy m\u00f4 ph\u1ea7n thi\u1ebft k\u1ebf \u0111\u01b0\u1ee3c chia l\u00e0m nhi\u1ec1u ph\u1ea7n<\/li>\n<li>\u0110i\u1ec1u ch\u1ec9nh ph\u01b0\u01a1ng \u00e1n thi\u1ebft k\u1ebf cho h\u1ee3p l\u00ed v\u00e0 th\u1ed1ng nh\u1ea5t<\/li>\n<li>K\u1ebft th\u00fac \u0111i\u1ec1u ch\u1ec9nh kh\u00e1ch h\u00e0ng thanh to\u00e1n \u0111\u1ee3t 2 ph\u00ed thi\u1ebft k\u1ebf<\/li>\n<\/ul>\n<h4><strong>B\u01b0\u1edbc 4: Khai tri\u1ec3n k\u0129 thu\u1eadt (3-5 ng\u00e0y)<\/strong><\/h4>\n<ul>\n<li>Khai tri\u1ec3n b\u1ea3n v\u1ebd k\u0129 thu\u1eadt g\u1ed3m k\u00edch th\u01b0\u1edbc, c\u1ea5u t\u1ea1o, v\u1eadt li\u1ec7u&#8230;<\/li>\n<li>Chu\u1ea9n b\u1ecb c\u00e1c h\u1ed3 s\u01a1 d\u00e0nh cho c\u00e1c th\u1ee7 t\u1ee5c xin ph\u00e9p thi c\u00f4ng.<\/li>\n<\/ul>\n<h4><strong>B\u01b0\u1edbc 5: D\u1ef1 to\u00e1n b\u00e1o gi\u00e1 (2-4 ng\u00e0y)<\/strong><\/h4>\n<ul>\n<li>Ph\u00e2n chia c\u00e1c h\u1ea1ng m\u1ee5c theo thi\u1ebft k\u1ebf \u0111\u00e3 tri\u1ec3n khai<\/li>\n<li>D\u1ef1 to\u00e1n b\u00e1o gi\u00e1 theo c\u00e1c h\u1ea1ng m\u1ee5c<\/li>\n<li>Kh\u00e1ch h\u00e0ng nh\u1eadn \u0111\u1ea7y \u0111\u1ee7 h\u1ed3 s\u01a1 thi\u1ebft k\u1ebf v\u00e0 thanh to\u00e1n \u0111\u1ee3t cu\u1ed1i ph\u00ed thi\u1ebft k\u1ebf<\/li>\n<\/ul>\n<h4><strong>B\u01b0\u1edbc 6: Gi\u00e1m s\u00e1t t\u00e1c gi\u1ea3 (theo th\u1eddi gian thi c\u00f4ng)<\/strong><\/h4>\n<ul>\n<li>K\u1ebft h\u1ee3p v\u1edbi nh\u00e0 th\u1ea7u thi c\u00f4ng \u0111\u1ec3 \u0111\u1ea3m b\u1ea3o s\u1ea3n ph\u1ea9m ho\u00e0n thi\u1ec7n gi\u1ed1ng v\u1edbi thi\u1ebft k\u1ebf<\/li>\n<li>Gi\u00e1m s\u00e1t ch\u1ea5t l\u01b0\u1ee3ng (c\u00f3 ph\u00ed) n\u1ebfu kh\u00e1ch h\u00e0ng y\u00eau c\u1ea7u<\/li>\n<\/ul>\n[\/vc_column_text][vc_empty_space height=&#8221;80px&#8221;][\/vc_column][\/vc_row][vc_row full_width=&#8221;stretch_row&#8221; css=&#8221;.vc_custom_1619598047782{background-color: #f5fafd !important;}&#8221;][vc_column]<div class=\"norebro-heading-sc heading text-left\"\n\tid=\"norebro-custom-6a058ad05b274\" \n\t \n\t>\n\t\n\t\t\t<p class=\"subtitle\">\n\t\t\t\t\t<\/p>\n\t\n\t\n\t<h3 class=\"title subtitle-top\">\n\t\t<b>02.<\/b> H\u1ed3 s\u01a1 thi\u1ebft k\u1ebf\t<\/h3>\n\n\t\n\t\t\n<\/div>[vc_column_text]OMS cung c\u1ea5p nh\u1eefng h\u1ed3 s\u01a1 thi\u1ebft k\u1ebf Nh\u00e0 \u1edf (Bi\u1ec7t th\u1ef1 &#8211; Nh\u00e0 ph\u1ed1 &#8211; C\u0103n h\u1ed9 chung c\u01b0) nh\u01b0:<\/p>\n<h4><strong>I\/ H\u1ed3 s\u01a1 thi\u1ebft k\u1ebf \u00fd t\u01b0\u1edfng:<\/strong><\/h4>\n<ul>\n<li>M\u1eb7t b\u1eb1ng b\u1ed1 tr\u00ed v\u1eadt d\u1ee5ng<\/li>\n<li>H\u00ecnh \u1ea3nh tham kh\u1ea3o phong c\u00e1ch, v\u1eadt li\u1ec7u ho\u1eb7c gi\u1ea3i ph\u00e1p thi c\u00f4ng<\/li>\n<li>M\u00f4 ph\u1ecfng h\u00ecnh kh\u1ed1i b\u1eb1ng m\u00e1y t\u00ednh, m\u00f4 h\u00ecnh ho\u1eb7c v\u1ebd tay (n\u1ebfu c\u1ea7n thi\u1ebft)<\/li>\n<\/ul>\n<h4><strong>II\/ H\u1ed3 s\u01a1 thi\u1ebft k\u1ebf c\u01a1 s\u1edf: (Bi\u1ec7t th\u1ef1 &#8211; Nh\u00e0 ph\u1ed1)<\/strong><\/h4>\n<ul>\n<li>M\u1eb7t b\u1eb1ng b\u1ed1 tr\u00ed v\u1eadt d\u1ee5ng<\/li>\n<li>B\u1ea3n v\u1ebd xin ph\u00e9p thi c\u00f4ng<\/li>\n<li>Ph\u1ed1i c\u1ea3nh m\u1eb7t ti\u1ec1n ch\u00ednh (Bi\u1ec7t th\u1ef1 &#8211; Nh\u00e0 ph\u1ed1)<\/li>\n<li>B\u1ea3n v\u1ebd ki\u1ebfn tr\u00fac c\u00f4ng tr\u00ecnh (Ph\u1ea7n Ki\u1ebfn tr\u00fac)<\/li>\n<li>M\u1eb7t b\u1eb1ng &#8211; M\u1eb7t \u0111\u1ee9ng &#8211; M\u1eb7t c\u1eaft<\/li>\n<li>K\u00edch th\u01b0\u1edbc M\u1eb7t b\u1eb1ng S\u00e0n &#8211; Tr\u1ea7n<\/li>\n<li>Chi ti\u1ebft V\u1ec7 sinh, C\u1ea7u thang, C\u1eeda &#8230;<\/li>\n<\/ul>\n<h4><strong>III\/ H\u1ed3 s\u01a1 thi\u1ebft k\u1ebf k\u0129 thu\u1eadt thi c\u00f4ng: (Bi\u1ec7t th\u1ef1 &#8211; Nh\u00e0 ph\u1ed1)<\/strong><\/h4>\n<ol>\n<li>Ph\u1ed1i c\u1ea3nh m\u1eb7t ti\u1ec1n ch\u00ednh (Bi\u1ec7t th\u1ef1 &#8211; Nh\u00e0 ph\u1ed1)<\/li>\n<li>Ph\u1ed1i c\u1ea3nh c\u00e1c kh\u00f4ng gian ch\u00ednh<\/li>\n<li>B\u1ea3n v\u1ebd ki\u1ebfn tr\u00fac c\u00f4ng tr\u00ecnh (Ph\u1ea7n Ki\u1ebfn tr\u00fac)\n<ul>\n<li>M\u1eb7t b\u1eb1ng &#8211; M\u1eb7t \u0111\u1ee9ng &#8211; M\u1eb7t c\u1eaft K\u00edch th\u01b0\u1edbc<\/li>\n<li>M\u1eb7t b\u1eb1ng S\u00e0n &#8211; Tr\u1ea7n Chi ti\u1ebft V\u1ec7 sinh, C\u1ea7u thang, C\u1eeda &#8230;<\/li>\n<\/ul>\n<\/li>\n<li>B\u1ea3n v\u1ebd k\u0129 thu\u1eadt k\u1ebft c\u1ea5u (Ph\u1ea7n K\u1ebft c\u1ea5u)\n<ul>\n<li>M\u1eb7t b\u1eb1ng b\u1ed1 tr\u00ed v\u1eadt d\u1ee5ng<\/li>\n<li>M\u1eb7t b\u1eb1ng C\u1ecdc &#8211; M\u00f3ng &#8211; \u0110\u00e0 (D\u1ea7m) &#8211; S\u00e0n<\/li>\n<li>Chi ti\u1ebft k\u1ebf c\u1ea5u C\u1ecdc, M\u00f3ng, \u0110\u00e0 (D\u1ea7m), S\u00e0n, C\u1ea7u thang, H\u1ea7m t\u1ef1 ho\u1ea1i&#8230;<\/li>\n<\/ul>\n<\/li>\n<li>B\u1ea3n v\u1ebd k\u0129 thu\u1eadt C\u1ea5p tho\u00e1t n\u01b0\u1edbc, \u0110i\u1ec7n, T\u00ednh hi\u1ec7u (Ph\u1ea7n \u0110i\u1ec7n N\u01b0\u1edbc)\n<ul>\n<li>S\u01a1 \u0111\u1ed3 c\u1ea5p tho\u00e1t n\u01b0\u1edbc M\u1eb7t b\u1eb1ng C\u1ea5p &#8211; Tho\u00e1t n\u01b0\u1edbc c\u00e1c t\u1ea7ng<\/li>\n<li>M\u1eb7t b\u1eb1ng b\u1ed1 tr\u00ed \u1ed4 c\u1eafm, C\u00f4ng t\u1eafc, \u0110\u00e8n, M\u00e1y l\u1ea1nh, Camera, \u0110i\u1ec7n tho\u1ea1i, Internet&#8230;<\/li>\n<\/ul>\n<\/li>\n<\/ol>\n<h4><strong>IV\/ H\u1ed3 s\u01a1 khai tri\u1ec3n chi ti\u1ebft n\u1ed9i th\u1ea5t:<\/strong><\/h4>\n<ol>\n<li>M\u1eb7t b\u1eb1ng b\u1ed1 tr\u00ed v\u1eadt d\u1ee5ng<\/li>\n<li>M\u1eb7t b\u1eb1ng S\u00e0n &#8211; Tr\u1ea7n M\u1eb7t \u0111\u1ee9ng t\u01b0\u1eddng trang tr\u00ed<\/li>\n<li>Chi ti\u1ebft khai tri\u1ec3n n\u1ed9i th\u1ea5t (Shopdrawing) cung c\u1ea5p th\u00f4ng tin:\n<ul>\n<li>K\u00edch th\u01b0\u1edbc V\u1eadt li\u1ec7u<\/li>\n<li>Ph\u1ee5 ki\u1ec7n<\/li>\n<li>Ph\u1ed1i c\u1ea3nh m\u00f4 ph\u1ecfng 3D<\/li>\n<\/ul>\n<\/li>\n<\/ol>\n<h4><strong>V\/ D\u1ef1 to\u00e1n h\u1ea1ng m\u1ee5c thi c\u00f4ng:<\/strong><\/h4>\n<ul>\n<li>Thi c\u00f4ng ph\u1ea7n th\u00f4 (Bi\u1ec7t th\u1ef1 &#8211; Nh\u00e0 ph\u1ed1)<\/li>\n<li>Thi c\u00f4ng ph\u1ea7n ho\u00e0n thi\u1ec7n Thi c\u00f4ng ph\u1ea7n n\u1ed9i th\u1ea5t<\/li>\n<\/ul>\n[\/vc_column_text][vc_empty_space height=&#8221;80px&#8221;][\/vc_column][\/vc_row][vc_row full_width=&#8221;stretch_row&#8221;][vc_column]<div class=\"norebro-heading-sc heading text-left\"\n\tid=\"norebro-custom-6a058ad05b2f2\" \n\t \n\t>\n\t\n\t\t\t<p class=\"subtitle\">\n\t\t\t\t\t<\/p>\n\t\n\t\n\t<h3 class=\"title subtitle-top\">\n\t\t<b>03.<\/b> D\u1ef1 to\u00e1n thi c\u00f4ng\t<\/h3>\n\n\t\n\t\t\n<\/div>[vc_column_text]\n<h4><strong>I\/ \u0110\u01a1n gi\u00e1 ph\u1ea7n th\u00f4 &amp; nh\u00e2n c\u00f4ng ho\u00e0n thi\u1ec7n:<\/strong><\/h4>\n<ul>\n<li>\u0110\u01a1n gi\u00e1 thi c\u00f4ng ph\u1ea7n th\u00f4 &amp; nh\u00e2n c\u00f4ng ho\u00e0n thi\u1ec7n \u0111\u01b0\u1ee3c t\u00ednh theo m2 s\u00e0n x\u00e2y d\u1ef1ng = m2 s\u1eed d\u1ee5ng x h\u1ec7 s\u1ed1 (xem ph\u1ea7n h\u1ec7 s\u1ed1 thi c\u00f4ng)<\/li>\n<li>Ch\u1ebf \u0111\u1ed9 b\u1ea3o h\u00e0nh:<\/li>\n<li>B\u1ea3o h\u00e0nh k\u1ebft c\u1ea5u 10 n\u0103m B\u1ea3o h\u00e0nh t\u1ed5ng th\u1ec3 c\u00f4ng tr\u00ecnh 1 n\u0103m<\/li>\n<li>B\u1ea3o h\u00e0nh th\u1ea5m d\u1ed9t 2 n\u0103m<\/li>\n<li>\u0110\u01a1n gi\u00e1 \u00e1p d\u1ee5ng cho c\u00f4ng tr\u00ecnh thi c\u00f4ng theo h\u00ecnh th\u1ee9c kho\u00e1n g\u1ecdn theo m2<\/li>\n<li>Nh\u00e0 \u1edf \u0111\u00e2n d\u1ee5ng ti\u00eau chu\u1ea9n l\u00e0 nh\u00e0 \u1edf c\u00f3 di\u1ec7n t\u00edch m\u1ed7i t\u1ea7ng 70-100m2 h\u00ecnh d\u00e1ng khu \u0111\u1ea5t \u0111\u01a1n gi\u1ea3n, t\u01b0\u01a1ng \u1ee9ng 2 Ph\u00f2ng ng\u1ee7 &amp; 2 WC m\u1ed7i l\u1ea7u.<\/li>\n<li>\u0110\u1ed1i v\u1edbi c\u00f4ng tr\u00ecnh g\u00f3c m\u1eb7t ti\u1ec1n, c\u00f4ng tr\u00ecnh ph\u00f2ng tr\u1ecd, nh\u00e0 \u1edf k\u1ebft h\u1ee3p cho thu\u00ea, kh\u00e1ch s\u1ea1n t\u01b0 nh\u00e2n (d\u01b0\u1edbi 7 t\u1ea7ng), c\u00f4ng tr\u00ecnh bi\u1ec7t th\u1ef1&#8230; b\u00e1o gi\u00e1 c\u1ee5 th\u1ec3 t\u1eebng tr\u01b0\u1eddng h\u1ee3p.<\/li>\n<\/ul>\n<h4><strong>II\/ H\u1ec7 s\u1ed1 thi c\u00f4ng ph\u1ea7n th\u00f4:<\/strong><\/h4>\n<ul>\n<li>\u0110\u01b0\u1eddng ti\u1ebfp c\u1eadn c\u00f4ng tr\u00ecnh t\u1eeb 3-7.5m: \u0111\u01a1n gi\u00e1 +150,000\u0111\/m2<\/li>\n<li>\u0110\u01b0\u1eddng ti\u1ebfp c\u1eadn c\u00f4ng tr\u00ecnh nh\u1ecf h\u01a1n 3m: \u0111\u01a1n gi\u00e1 +300,000\u0111\/m2<\/li>\n<li>Di\u1ec7n t\u00edch s\u1eed d\u1ee5ng c\u00f3 m\u00e1i che: H\u1ec7 s\u1ed1 1\/m2<\/li>\n<li>C\u00f4ng tr\u00ecnh thi c\u00f4ng m\u00f3ng \u0111\u01a1n: H\u1ec7 s\u1ed1 0.3\/m2<\/li>\n<li>C\u00f4ng tr\u00ecnh thi c\u00f4ng m\u00f3ng b\u0103ng m\u1ed9t ph\u01b0\u01a1ng: H\u1ec7 s\u1ed1 0.4\/m2<\/li>\n<li>C\u00f4ng tr\u00ecnh thi c\u00f4ng m\u00f3ng c\u1ecdc: H\u1ec7 s\u1ed1 0.4\/m2 (kh\u00f4ng bao g\u1ed3m c\u1ecdc)<\/li>\n<li>C\u00f4ng tr\u00ecnh thi c\u00f4ng m\u00f3ng b\u00e8 ho\u1eb7c m\u00f3ng b\u0103ng 2 ph\u01b0\u01a1ng: H\u1ec7 s\u1ed1 0.6\/m2<\/li>\n<li>C\u00f4ng tr\u00ecnh thi c\u00f4ng m\u00f3ng c\u00f3 s\u1ed1 t\u1ea7ng cao l\u00e0 n: H\u1ec7 s\u1ed1 1.1(n-1) v\u00e0o chi ph\u00ed m\u00f3ng<\/li>\n<li>Di\u1ec7n t\u00edch t\u1ea7ng h\u1ea7m c\u00f3 \u0111\u1ed9 s\u00e2u t\u1eeb 1-1.7m so v\u1edbi cote v\u1ec9a h\u00e8: H\u1ec7 s\u1ed1 1.7\/m2<\/li>\n<li>Di\u1ec7n t\u00edch t\u1ea7ng h\u1ea7m c\u00f3 \u0111\u1ed9 s\u00e2u t\u1eeb 1.7-2m tr\u1edf l\u00ean so v\u1edbi cote v\u1ec9a h\u00e8: H\u1ec7 s\u1ed1 2.5\/m2<\/li>\n<li>Di\u1ec7n t\u00edch m\u00e1i BTCT ph\u1eb3ng, c\u00e1n n\u1ec1n l\u00e1t g\u1ea1ch: H\u1ec7 s\u1ed1 0.5\/m2<\/li>\n<li>Di\u1ec7n t\u00edch m\u00e1i k\u00e8o th\u00e9p, l\u1ee3p t\u00f4n ch\u1ed1ng n\u00f3ng: H\u1ec7 s\u1ed1 0.3\/m2<\/li>\n<li>Di\u1ec7n t\u00edch m\u00e1i k\u00e8o th\u00e9p, l\u1ee3p ng\u00f3i: H\u1ec7 s\u1ed1 0.7\/m2<\/li>\n<li>Di\u1ec7n t\u00edch m\u00e1i BTCT d\u1ed1c, d\u00e1n ng\u00f3i th\u1ea9m m\u1ef9: H\u1ec7 s\u1ed1 1<\/li>\n<li>Di\u1ec7n t\u00edch s\u00e2n tr\u01b0\u1edbc &amp; s\u00e2n sau: H\u1ec7 s\u1ed1 0.7\/m2<\/li>\n<li>Di\u1ec7n t\u00edch \u00f4 tr\u1ed1ng trong nh\u00e0 &lt;8m2: H\u1ec7 s\u1ed1 1<\/li>\n<li>Di\u1ec7n t\u00edch \u00f4 tr\u1ed1ng trong nh\u00e0 &gt;8m2: H\u1ec7 s\u1ed1 0.5\/m2<\/li>\n<li>Di\u1ec7n t\u00edch \u00f4 c\u1ea7u thang: H\u1ec7 s\u1ed1 1<\/li>\n<\/ul>\n<h4><strong>III\/ D\u1ef1 to\u00e1n thi c\u00f4ng ho\u00e0n thi\u1ec7n:<\/strong><\/h4>\n<ul>\n<li>D\u1ef1 to\u00e1n ho\u00e0n thi\u1ec7n \u0111\u01b0\u1ee3c b\u00e1o gi\u00e1 c\u1ee5 th\u1ec3 theo H\u1ed3 s\u01a1 thi\u1ebft k\u1ebf k\u0129 thu\u1eadt thi c\u00f4ng<\/li>\n<\/ul>\n<h4><strong>IV\/ D\u1ef1 to\u00e1n thi c\u00f4ng trang tr\u00ed n\u1ed9i th\u1ea5t:<\/strong><\/h4>\n<ul>\n<li>D\u1ef1 to\u00e1n ho\u00e0n thi\u1ec7n \u0111\u01b0\u1ee3c b\u00e1o gi\u00e1 c\u1ee5 th\u1ec3 theo H\u1ed3 s\u01a1 khai tri\u1ec3n chi ti\u1ebft n\u1ed9i th\u1ea5t<\/li>\n<li>V\u1eadt li\u1ec7u th\u01b0\u1eddng \u0111\u01b0\u1ee3c s\u1eed d\u1ee5ng trong Nh\u00e0 \u1edf nh\u01b0: c\u00e1c lo\u1ea1i g\u1ed7 t\u1ef1 nhi\u00ean, v\u00e1n c\u00f4ng nghi\u1ec7p MDF, MFC, HDF, CDF, Plywood, m\u1eb7t ph\u1ee7 Melamine, Acrylic, Laminate, Piano c\u1ee7a An C\u01b0\u1eddng&#8230;<\/li>\n<li>Ph\u1ee5 ki\u1ec7n n\u1ed9i th\u1ea5t nh\u01b0 Hafele, Blum, Hettich, Ivan, Cariny, Garis, New Era&#8230;<\/li>\n<\/ul>\n[\/vc_column_text][vc_empty_space height=&#8221;80px&#8221;][\/vc_column][\/vc_row][vc_row full_width=&#8221;stretch_row&#8221; css=&#8221;.vc_custom_1619598065867{background-color: #f5fafd !important;}&#8221;][vc_column]<div class=\"norebro-heading-sc heading text-left\"\n\tid=\"norebro-custom-6a058ad05b360\" \n\t \n\t>\n\t\n\t\t\t<p class=\"subtitle\">\n\t\t\t\t\t<\/p>\n\t\n\t\n\t<h3 class=\"title subtitle-top\">\n\t\t<b>04.<\/b> Quy tr\u00ecnh thi c\u00f4ng\t<\/h3>\n\n\t\n\t\t\n<\/div>[vc_column_text]\n<h4><strong>I\/ C\u00f4ng t\u00e1c chu\u1ea9n b\u1ecb:<\/strong><\/h4>\n<ul>\n<li>B\u00e0n giao m\u1eb7t b\u1eb1ng<\/li>\n<li>Ch\u1ee5p h\u00ecnh hi\u1ec7n tr\u1ea1ng v\u1ecb tr\u00ed \u0111\u1ea5t v\u00e0 c\u00e1c nh\u00e0 xung quanh<\/li>\n<li>L\u1eafp d\u1ef1ng c\u1ed5ng r\u00e0o bi\u1ec3n b\u00e1o, bi\u1ec3n hi\u1ec7u<\/li>\n<li>Cung c\u1ea5p c\u00e1c thi\u1ebft b\u1ecb ti\u1ec7n \u00edch ph\u1ee5c v\u1ee5 x\u00e2y d\u1ef1ng<\/li>\n<\/ul>\n<h4><strong>II\/ Thi c\u00f4ng k\u1ebft c\u1ea5u ph\u1ea7n m\u00f3ng:<\/strong><\/h4>\n<ul>\n<li>Thi c\u00f4ng \u0111\u00e0o \u0111\u1ea5t<\/li>\n<li>Gia c\u00f4ng l\u1eafp d\u1ef1ng coffa c\u1ed1t th\u00e9p v\u00e0 \u0111\u1ed5 b\u00ea t\u00f4ng h\u1ed1 p\u00edt<\/li>\n<li>C\u00f4ng t\u00e1c san n\u1ec1n t\u1ea1o m\u1eb7t b\u1eb1ng<\/li>\n<li>Gia c\u00f4ng l\u1eafp d\u1ef1ng coffa c\u1ed1t th\u00e9p v\u00e0 \u0111\u1ed5 b\u00ea t\u00f4ng m\u00f3ng &amp; \u0111\u00e0 ki\u1ec1ng<\/li>\n<\/ul>\n<h4><strong>III\/ Thi c\u00f4ng k\u1ebft c\u1ea5u ph\u1ea7n th\u00e2n:<\/strong><\/h4>\n<ul>\n<li>Gia c\u00f4ng l\u1eafp d\u1ef1ng coffa c\u1ed1t th\u00e9p v\u00e0 \u0111\u1ed5 b\u00ea t\u00f4ng c\u1ed9t<\/li>\n<li>C\u00f4ng t\u00e1c x\u00e2y t\u01b0\u1eddng bao<\/li>\n<li>Thi c\u00f4ng coffa d\u1ea7m s\u00e0n Thi c\u00f4ng c\u1ed1t th\u00e9p s\u00e0n<\/li>\n<li>Gia c\u00f4ng l\u1eafp d\u1ef1ng coffa c\u1ed1t th\u00e9p c\u1ea7u thang<\/li>\n<li>Thi c\u00f4ng \u1ed1ng ch\u1edd \u0110i\u1ec7n n\u01b0\u1edbc t\u00edn hi\u1ec7u \u00e2m s\u00e0n<\/li>\n<li>C\u00f4ng t\u00e1c \u0111\u1ed5 b\u00ea t\u00f4ng s\u00e0n<\/li>\n<li>Ti\u1ebfp t\u1ee5c l\u1eb7p l\u1ea1i quy tr\u00ecnh cho c\u00e1c t\u1ea7ng v\u00e0 b\u1ed5 sung: C\u00f4ng t\u00e1c th\u00e1o coffa s\u00e0n t\u1ea7ng d\u01b0\u1edbi sau khi x\u00e2y xong t\u01b0\u1eddng bao t\u1ea7ng hi\u1ec7n t\u1ea1i<\/li>\n<\/ul>\n<h4><strong>IV\/ Thi c\u00f4ng ho\u00e0n hi\u1ec7n:<\/strong><\/h4>\n<ul>\n<li>C\u00f4ng t\u00e1c x\u00e2y t\u01b0\u1eddng ng\u0103n c\u00e1c t\u1ea7ng<\/li>\n<li>C\u00f4ng t\u00e1c th\u00e1o coffa s\u00e0n s\u00e2n th\u01b0\u1ee3ng &amp; s\u00e0n m\u00e1i<\/li>\n<li>C\u00f4ng t\u00e1c \u0111i \u1ed1ng ru\u1ed9t ga \u00e2m t\u01b0\u1eddng<\/li>\n<li>L\u1eafp \u0111\u1eb7t h\u1ec7 th\u1ed1ng c\u1ea5p tho\u00e1t n\u01b0\u1edbc<\/li>\n<li>C\u00f4ng t\u00e1c t\u00f4 to\u00e0n b\u1ed9 c\u00f4ng tr\u00ecnh<\/li>\n<li>C\u00f4ng t\u00e1c thi c\u00f4ng tr\u1ea7n, v\u00e1ch ng\u0103n th\u1ea1ch cao<\/li>\n<li>C\u00f4ng t\u00e1c b\u1ea3 matit v\u00e0 s\u01a1n n\u01b0\u1edbc l\u1ea7n 1<\/li>\n<li>C\u00f4ng t\u00e1c ch\u1ed1ng th\u1ea5m<\/li>\n<li>C\u00f4ng t\u00e1c thi c\u00f4ng \u1ed1p l\u00e1t<\/li>\n<li>C\u00f4ng t\u00e1c l\u1eafp \u0111\u1eb7t thi\u1ebft b\u1ecb v\u1ec7 sinh, chi\u1ebfu s\u00e1ng, \u0111i\u1ec7n l\u1ea1nh, an ninh&#8230;<\/li>\n<li>C\u00f4ng t\u00e1c s\u01a1n n\u01b0\u1edbc l\u1ea7n 2 v\u00e0 d\u1eb7m v\u00e1<\/li>\n<li>V\u1ec7 sinh v\u00e0 nghi\u1ec7m thu ph\u1ea7n x\u00e2y d\u1ef1ng<\/li>\n<\/ul>\n<h4><strong>V\/ Thi c\u00f4ng trang tr\u00ed n\u1ed9i th\u1ea5t:<\/strong><\/h4>\n<ul>\n<li>S\u1ea3n xu\u1ea5t \u0111\u1ed3 n\u1ed9i th\u1ea5t c\u1ed1 \u0111\u1ecbnh<\/li>\n<li>Thi c\u00f4ng trang tr\u00ed S\u00e0n &#8211; Tr\u1ea7n &#8211; T\u01b0\u1eddng<\/li>\n<li>L\u1eafp d\u1ef1ng \u0111\u1ed3 n\u1ed9i th\u1ea5t c\u1ed1 \u0111\u1ecbnh<\/li>\n<li>B\u1ed1 tr\u00ed l\u1eafp d\u1ef1ng thi\u1ebft b\u1ecb, ph\u1ee5 ki\u1ec7n \u0111i k\u00e8m v\u1edbi n\u1ed9i th\u1ea5t c\u1ed1 \u0111\u1ecbnh<\/li>\n<li>B\u1ed1 tr\u00ed v\u1eadt d\u1ee5ng n\u1ed9i th\u1ea5t r\u1eddi<\/li>\n<li>V\u1ec7 sinh v\u00e0 nghi\u1ec7m thu ph\u1ea7n n\u1ed9i th\u1ea5t<\/li>\n<\/ul>\n[\/vc_column_text][vc_empty_space height=&#8221;80px&#8221;][\/vc_column][\/vc_row]\n","protected":false},"excerpt":{"rendered":"<p>[vc_row full_width=&#8221;stretch_row&#8221;][vc_column][vc_column_text] B\u01b0\u1edbc 1: Nh\u1eadn th\u00f4ng tin kh\u00e1ch h\u00e0ng (1 ng\u00e0y) N\u1eafm nhu c\u1ea7u&#8230;<\/p>\n","protected":false},"author":1,"featured_media":5657063,"parent":0,"menu_order":0,"comment_status":"closed","ping_status":"closed","template":"","meta":[],"yoast_head":"<!-- This site is optimized with the Yoast SEO Premium plugin v15.0 - https:\/\/yoast.com\/wordpress\/plugins\/seo\/ -->\n<title>N\u1ed9i dung c\u00f4ng vi\u1ec7c - OMS home solutions<\/title>\n<meta name=\"robots\" content=\"index, follow, max-snippet:-1, max-image-preview:large, max-video-preview:-1\" \/>\n<link rel=\"canonical\" href=\"https:\/\/omshomesolutions.com\/index.php\/noi-dung-cong-viec\/\" \/>\n<meta property=\"og:locale\" content=\"vi_VN\" \/>\n<meta property=\"og:type\" content=\"article\" \/>\n<meta property=\"og:title\" content=\"N\u1ed9i dung c\u00f4ng vi\u1ec7c - OMS home solutions\" \/>\n<meta property=\"og:description\" content=\"[vc_row full_width=&#8221;stretch_row&#8221;][vc_column][vc_column_text] B\u01b0\u1edbc 1: Nh\u1eadn th\u00f4ng tin kh\u00e1ch h\u00e0ng (1 ng\u00e0y) N\u1eafm nhu c\u1ea7u...\" \/>\n<meta property=\"og:url\" content=\"https:\/\/omshomesolutions.com\/index.php\/noi-dung-cong-viec\/\" \/>\n<meta property=\"og:site_name\" content=\"OMS home solutions\" \/>\n<meta property=\"article:modified_time\" content=\"2024-01-03T16:01:30+00:00\" \/>\n<meta property=\"og:image\" content=\"https:\/\/omshomesolutions.com\/wp-content\/uploads\/2021\/06\/view-2-2.jpg\" \/>\n\t<meta property=\"og:image:width\" content=\"1494\" \/>\n\t<meta property=\"og:image:height\" content=\"1050\" \/>\n<meta name=\"twitter:card\" content=\"summary_large_image\" \/>\n<script type=\"application\/ld+json\" class=\"yoast-schema-graph\">{\"@context\":\"https:\/\/schema.org\",\"@graph\":[{\"@type\":\"WebSite\",\"@id\":\"https:\/\/omshomesolutions.com\/#website\",\"url\":\"https:\/\/omshomesolutions.com\/\",\"name\":\"OMS home solutions\",\"description\":\"Gi\\u1ea3i ph\\u00e1p to\\u00e0n di\\u1ec7n cho nh\\u00e0 \\u1edf\",\"potentialAction\":[{\"@type\":\"SearchAction\",\"target\":\"https:\/\/omshomesolutions.com\/?s={search_term_string}\",\"query-input\":\"required name=search_term_string\"}],\"inLanguage\":\"vi\"},{\"@type\":\"ImageObject\",\"@id\":\"https:\/\/omshomesolutions.com\/index.php\/noi-dung-cong-viec\/#primaryimage\",\"inLanguage\":\"vi\",\"url\":\"https:\/\/omshomesolutions.com\/wp-content\/uploads\/2021\/06\/view-2-2.jpg\",\"width\":1494,\"height\":1050},{\"@type\":\"WebPage\",\"@id\":\"https:\/\/omshomesolutions.com\/index.php\/noi-dung-cong-viec\/#webpage\",\"url\":\"https:\/\/omshomesolutions.com\/index.php\/noi-dung-cong-viec\/\",\"name\":\"N\\u1ed9i dung c\\u00f4ng vi\\u1ec7c - OMS home solutions\",\"isPartOf\":{\"@id\":\"https:\/\/omshomesolutions.com\/#website\"},\"primaryImageOfPage\":{\"@id\":\"https:\/\/omshomesolutions.com\/index.php\/noi-dung-cong-viec\/#primaryimage\"},\"datePublished\":\"2019-09-27T14:42:43+00:00\",\"dateModified\":\"2024-01-03T16:01:30+00:00\",\"breadcrumb\":{\"@id\":\"https:\/\/omshomesolutions.com\/index.php\/noi-dung-cong-viec\/#breadcrumb\"},\"inLanguage\":\"vi\",\"potentialAction\":[{\"@type\":\"ReadAction\",\"target\":[\"https:\/\/omshomesolutions.com\/index.php\/noi-dung-cong-viec\/\"]}]},{\"@type\":\"BreadcrumbList\",\"@id\":\"https:\/\/omshomesolutions.com\/index.php\/noi-dung-cong-viec\/#breadcrumb\",\"itemListElement\":[{\"@type\":\"ListItem\",\"position\":1,\"item\":{\"@type\":\"WebPage\",\"@id\":\"https:\/\/omshomesolutions.com\/\",\"url\":\"https:\/\/omshomesolutions.com\/\",\"name\":\"Trang ch\\u1ee7\"}},{\"@type\":\"ListItem\",\"position\":2,\"item\":{\"@type\":\"WebPage\",\"@id\":\"https:\/\/omshomesolutions.com\/index.php\/noi-dung-cong-viec\/\",\"url\":\"https:\/\/omshomesolutions.com\/index.php\/noi-dung-cong-viec\/\",\"name\":\"N\\u1ed9i dung c\\u00f4ng vi\\u1ec7c\"}}]}]}<\/script>\n<!-- \/ Yoast SEO Premium plugin. -->","_links":{"self":[{"href":"https:\/\/omshomesolutions.com\/index.php\/wp-json\/wp\/v2\/pages\/136"}],"collection":[{"href":"https:\/\/omshomesolutions.com\/index.php\/wp-json\/wp\/v2\/pages"}],"about":[{"href":"https:\/\/omshomesolutions.com\/index.php\/wp-json\/wp\/v2\/types\/page"}],"author":[{"embeddable":true,"href":"https:\/\/omshomesolutions.com\/index.php\/wp-json\/wp\/v2\/users\/1"}],"replies":[{"embeddable":true,"href":"https:\/\/omshomesolutions.com\/index.php\/wp-json\/wp\/v2\/comments?post=136"}],"version-history":[{"count":0,"href":"https:\/\/omshomesolutions.com\/index.php\/wp-json\/wp\/v2\/pages\/136\/revisions"}],"wp:featuredmedia":[{"embeddable":true,"href":"https:\/\/omshomesolutions.com\/index.php\/wp-json\/wp\/v2\/media\/5657063"}],"wp:attachment":[{"href":"https:\/\/omshomesolutions.com\/index.php\/wp-json\/wp\/v2\/media?parent=136"}],"curies":[{"name":"wp","href":"https:\/\/api.w.org\/{rel}","templated":true}]}}